{"id":75,"date":"2020-11-22T20:29:30","date_gmt":"2020-11-22T19:29:30","guid":{"rendered":"https:\/\/bulidomics.com\/educacionfinanciera\/?page_id=75"},"modified":"2020-11-22T20:29:30","modified_gmt":"2020-11-22T19:29:30","slug":"acerca-del-autor","status":"publish","type":"page","link":"https:\/\/bulidomics.com\/educacionfinanciera\/como-invertir-tus-ahorros-a-los-veintitantos-o-mas-sin-ser-un-experto-libro\/acerca-del-autor\/","title":{"rendered":"Acerca del autor"},"content":{"rendered":"\n<p>\u00a1Hola! Soy Angel Abril-Ruiz, te cuento brevemente sobre m\u00ed: nac\u00ed en un peque\u00f1o pueblo rural al sureste de Espa\u00f1a, llamado Ceheg\u00edn. Empec\u00e9 mi carrera profesional como Ingeniero de Telecomunicaci\u00f3n (Universidad Polit\u00e9cnica de Valencia). Luego me dediqu\u00e9 al mundo de la gesti\u00f3n y el marketing (Ciencias Empresariales, Universidad Complutense de Madrid; Master in Management, IE Business School). Tras trabajar durante 8 a\u00f1os en una multinacional del sector telco y fundar varias empresas, entr\u00e9 en el mundo de la investigaci\u00f3n cient\u00edfica (Master Ciencias de la Empresa y Doctorando, UM; Grado en Psicolog\u00eda, UNED). \u00daltimamente fluyo en las disciplinas relacionadas con la gesti\u00f3n, el marketing, la toma de decisiones y las ciencias del comportamiento. Tambi\u00e9n hago bizcochos, pan de masa madre y siembro hortalizas en un huerto (adem\u00e1s de correr todos los d\u00edas una hora u otro tipo de rarezas como recorrer en solitario y autosuficiencia los <a rel=\"noreferrer noopener\" href=\"http:\/\/gr11salvamiente.blogspot.com.es\" target=\"_blank\">Pirineos de mar a mar<\/a> \u2014850Km, 43 000 m d+, 21 d\u00edas\u2014 o&nbsp;<a rel=\"noreferrer noopener\" href=\"http:\/\/maratondelasarenas2012.blogspot.com.es\/\" target=\"_blank\">siete maratones seguidas<\/a> por el desierto del S\u00e1hara).<\/p>\n\n\n\n<p>Puedes saber mucho m\u00e1s sobre m\u00ed en esta bio: <a rel=\"noreferrer noopener\" href=\"http:\/\/angel.abrilruiz.es\/bio\" target=\"_blank\">http:\/\/angel.abrilruiz.es\/bio<\/a>.<\/p>\n<div id=\"most_read_hits_75\" class=\"most_read_hits\"><span class=\"most_read_hits_label\">Hits:<\/span> <span class=\"most_read_hits_number\">1273<\/span><\/div>","protected":false},"excerpt":{"rendered":"<p>\u00a1Hola! Soy Angel Abril-Ruiz, te cuento brevemente sobre m\u00ed: nac\u00ed en un peque\u00f1o pueblo rural al sureste de Espa\u00f1a, llamado Ceheg\u00edn. Empec\u00e9 mi carrera profesional como Ingeniero de Telecomunicaci\u00f3n (Universidad Polit\u00e9cnica de Valencia). Luego me dediqu\u00e9 al mundo de la gesti\u00f3n y el marketing (Ciencias Empresariales, Universidad Complutense de Madrid; Master in Management, IE Business &hellip; <\/p>\n<p class=\"link-more\"><a href=\"https:\/\/bulidomics.com\/educacionfinanciera\/como-invertir-tus-ahorros-a-los-veintitantos-o-mas-sin-ser-un-experto-libro\/acerca-del-autor\/\" class=\"more-link\">Continuar leyendo<span class=\"screen-reader-text\"> \u00abAcerca del autor\u00bb<\/span><\/a><\/p>\n","protected":false},"author":1,"featured_media":76,"parent":25,"menu_order":0,"comment_status":"closed","ping_status":"closed","template":"","meta":[],"amp_validity":null,"amp_enabled":true,"_links":{"self":[{"href":"https:\/\/bulidomics.com\/educacionfinanciera\/wp-json\/wp\/v2\/pages\/75"}],"collection":[{"href":"https:\/\/bulidomics.com\/educacionfinanciera\/wp-json\/wp\/v2\/pages"}],"about":[{"href":"https:\/\/bulidomics.com\/educacionfinanciera\/wp-json\/wp\/v2\/types\/page"}],"author":[{"embeddable":true,"href":"https:\/\/bulidomics.com\/educacionfinanciera\/wp-json\/wp\/v2\/users\/1"}],"replies":[{"embeddable":true,"href":"https:\/\/bulidomics.com\/educacionfinanciera\/wp-json\/wp\/v2\/comments?post=75"}],"version-history":[{"count":1,"href":"https:\/\/bulidomics.com\/educacionfinanciera\/wp-json\/wp\/v2\/pages\/75\/revisions"}],"predecessor-version":[{"id":77,"href":"https:\/\/bulidomics.com\/educacionfinanciera\/wp-json\/wp\/v2\/pages\/75\/revisions\/77"}],"up":[{"embeddable":true,"href":"https:\/\/bulidomics.com\/educacionfinanciera\/wp-json\/wp\/v2\/pages\/25"}],"wp:featuredmedia":[{"embeddable":true,"href":"https:\/\/bulidomics.com\/educacionfinanciera\/wp-json\/wp\/v2\/media\/76"}],"wp:attachment":[{"href":"https:\/\/bulidomics.com\/educacionfinanciera\/wp-json\/wp\/v2\/media?parent=75"}],"curies":[{"name":"wp","href":"https:\/\/api.w.org\/{rel}","templated":true}]}}