{"id":39,"date":"2013-09-19T16:44:11","date_gmt":"2013-09-19T14:44:11","guid":{"rendered":"http:\/\/www.bulidomics.com\/blog\/?page_id=39"},"modified":"2020-11-13T19:33:32","modified_gmt":"2020-11-13T18:33:32","slug":"acerca-de-bulidomics-aviso-legal-y-politica-de-proteccion-de-datos","status":"publish","type":"page","link":"https:\/\/bulidomics.com\/blog\/acerca-de-bulidomics-aviso-legal-y-politica-de-proteccion-de-datos\/","title":{"rendered":"Acerca de Bulidomics, aviso legal y pol\u00edtica de protecci\u00f3n de datos"},"content":{"rendered":"<div class=\"pdfprnt-buttons pdfprnt-buttons-page pdfprnt-top-right\"><a href=\"https:\/\/bulidomics.com\/blog\/wp-json\/wp\/v2\/pages\/39?print=pdf\" class=\"pdfprnt-button pdfprnt-button-pdf\" target=\"_blank\"><img src=\"https:\/\/bulidomics.com\/blog\/wp-content\/plugins\/pdf-print\/images\/pdf.png\" alt=\"image_pdf\" title=\"View PDF\" \/><\/a><a href=\"https:\/\/bulidomics.com\/blog\/wp-json\/wp\/v2\/pages\/39?print=print\" class=\"pdfprnt-button pdfprnt-button-print\" target=\"_blank\"><img src=\"https:\/\/bulidomics.com\/blog\/wp-content\/plugins\/pdf-print\/images\/print.png\" alt=\"image_print\" title=\"Print Content\" \/><\/a><\/div><p><strong>Acerca de Bulidomics y Aviso Legal<\/strong><\/p>\n<ul>\n<li>Bulidomics es el nombre bajo el que se agrupan una serie de recursos de conocimiento, como pueden ser art\u00edculos acad\u00e9micos, opiniones personales, fuentes informativas de terceros, v\u00eddeos, ensayos,&#8230; bien de elaboraci\u00f3n propia o mediante la recopilaci\u00f3n de otras fuentes (siempre citadas, en todo caso).<\/li>\n<li>En la pr\u00e1ctica, est\u00e1 compuesto de una serie de repositorios de informaci\u00f3n en internet donde son alojados los citados recursos (canal para v\u00eddeos, blog para opiniones\/comentarios, wiki para art\u00edculos, redes sociales para comunicar&#8230;).<\/li>\n<li>El responsable de esta iniciativa es: Angel Abril Ruiz, DNI 775683xxx, residente en Espa\u00f1a.<\/li>\n<li>Puedes contactar con nosotros a trav\u00e9s del email: bulidomics (arroba) gmail.com (o bien a trav\u00e9s de <a title=\"Twitter de Bulidomics\" href=\"http:\/\/www.twitter.com\/bulidomics\" target=\"_blank\" rel=\"noopener noreferrer\">twitter<\/a> o <a title=\"Bulidomics, fan page de facebook\" href=\"http:\/\/www.facebook.com\/bulidomics\" target=\"_blank\" rel=\"noopener noreferrer\">facebook<\/a>)<\/li>\n<\/ul>\n<p><strong>Pol\u00edtica de protecci\u00f3n de datos<\/strong><\/p>\n<ul>\n<li>No mantenemos ning\u00fan fichero automatizado con los datos de los visitantes de los distintos sitios web tales como nombre, direcci\u00f3n, tel\u00e9fono, email&#8230;<\/li>\n<li>S\u00ed contamos con ficheros de visitas a los distintos repositorios donde se almacena informaci\u00f3n t\u00e9cnica del visitante tal como su IP, navegador, hora de la visita, p\u00e1ginas visitadas&#8230; Son las estad\u00edsticas que \u00ab<a title=\"Servidor web Apache\" href=\"http:\/\/es.wikipedia.org\/wiki\/Apache\" target=\"_blank\" rel=\"noopener noreferrer\">Apache<\/a>\u00bb usa de forma habitual.<\/li>\n<li>Como otros millones de sitios web, tambi\u00e9n usamos Google Analytics para las estad\u00edsticas. Se trata de un peque\u00f1o c\u00f3digo en cada una de nuestras p\u00e1ginas que env\u00eda a google informaci\u00f3n t\u00e9cnica sobre el navegador de los visitantes (es algo habitual, aunque suene tan raro). Esa informaci\u00f3n se usa luego para tener estad\u00edsticas sobre qui\u00e9n nos visita, que p\u00e1ginas son las m\u00e1s visitadas, desde donde ha venido la visita&#8230;<\/li>\n<li>A pesar de que no tenemos ning\u00fan fichero automatizado con datos personales, si deseas hacer alg\u00fan uso de tus derechos ARCO (Acceso, rectificaci\u00f3n, cancelaci\u00f3n y oposici\u00f3n), puedes contactar con nosotros indic\u00e1ndonos tu deseo a trav\u00e9s del email bulidomics (arroba) gmail.com y contactaremos contigo lo antes posible (tambi\u00e9n por twitter <a title=\"Twitter de Bulidomics\" href=\"http:\/\/www.twitter.com\/bulidomics\" target=\"_blank\" rel=\"noopener noreferrer\">@bulidomics<\/a>) (o enviando un email al administrador seg\u00fan se indica <a href=\"https:\/\/angel.abrilruiz.es\/bitacora\/informacion\/\">en esta p\u00e1gina<\/a>.<\/li>\n<\/ul>\n<p>Si quieres conocer la visi\u00f3n de la iniciativa, puede interesarte esto: <a title=\"Idiosincrasia Bulidomics - Wiki\" href=\"http:\/\/www.bulidomics.com\/wiki\/Bulidomics\" target=\"_blank\" rel=\"noopener noreferrer\">Idiosincrasia Bulidomics<\/a><\/p>\n<div id=\"most_read_hits_39\" class=\"most_read_hits\"><span class=\"most_read_hits_label\">Hits:<\/span> <span class=\"most_read_hits_number\">8311<\/span><\/div>","protected":false},"excerpt":{"rendered":"<p>Acerca de Bulidomics y Aviso Legal Bulidomics es el nombre bajo el que se agrupan una serie de recursos de conocimiento, como pueden ser art\u00edculos acad\u00e9micos, opiniones personales, fuentes informativas de terceros, v\u00eddeos, ensayos,&#8230; bien de elaboraci\u00f3n propia o mediante la recopilaci\u00f3n de otras fuentes (siempre citadas, en todo caso). En la pr\u00e1ctica, est\u00e1 compuesto [&hellip;]<\/p>\n","protected":false},"author":1,"featured_media":0,"parent":0,"menu_order":0,"comment_status":"closed","ping_status":"closed","template":"page-full-width.php","meta":[],"yoast_head":"<!-- This site is optimized with the Yoast SEO plugin v15.2.1 - https:\/\/yoast.com\/wordpress\/plugins\/seo\/ -->\n<title>Acerca de Bulidomics, aviso legal y pol\u00edtica de protecci\u00f3n de datos - El blog de Bulidomics<\/title>\n<meta name=\"robots\" content=\"index, follow, max-snippet:-1, max-image-preview:large, max-video-preview:-1\" \/>\n<link rel=\"canonical\" href=\"https:\/\/bulidomics.com\/blog\/acerca-de-bulidomics-aviso-legal-y-politica-de-proteccion-de-datos\/\" \/>\n<meta property=\"og:locale\" content=\"es_ES\" \/>\n<meta property=\"og:type\" content=\"article\" \/>\n<meta property=\"og:title\" content=\"Acerca de Bulidomics, aviso legal y pol\u00edtica de protecci\u00f3n de datos - El blog de Bulidomics\" \/>\n<meta property=\"og:description\" content=\"Acerca de Bulidomics y Aviso Legal Bulidomics es el nombre bajo el que se agrupan una serie de recursos de conocimiento, como pueden ser art\u00edculos acad\u00e9micos, opiniones personales, fuentes informativas de terceros, v\u00eddeos, ensayos,&#8230; bien de elaboraci\u00f3n propia o mediante la recopilaci\u00f3n de otras fuentes (siempre citadas, en todo caso). En la pr\u00e1ctica, est\u00e1 compuesto [&hellip;]\" \/>\n<meta property=\"og:url\" content=\"https:\/\/bulidomics.com\/blog\/acerca-de-bulidomics-aviso-legal-y-politica-de-proteccion-de-datos\/\" \/>\n<meta property=\"og:site_name\" content=\"El blog de Bulidomics\" \/>\n<meta property=\"article:publisher\" content=\"https:\/\/www.facebook.com\/bulidomics\/\" \/>\n<meta property=\"article:modified_time\" content=\"2020-11-13T18:33:32+00:00\" \/>\n<meta name=\"twitter:card\" content=\"summary_large_image\" \/>\n<meta name=\"twitter:creator\" content=\"@bulidomics\" \/>\n<meta name=\"twitter:site\" content=\"@bulidomics\" \/>\n<meta name=\"twitter:label1\" content=\"Escrito por\">\n\t<meta name=\"twitter:data1\" content=\"Angel Abril-Ruiz\">\n\t<meta name=\"twitter:label2\" content=\"Tiempo de lectura\">\n\t<meta name=\"twitter:data2\" content=\"1 minuto\">\n<script type=\"application\/ld+json\" class=\"yoast-schema-graph\">{\"@context\":\"https:\/\/schema.org\",\"@graph\":[{\"@type\":\"WebSite\",\"@id\":\"https:\/\/bulidomics.com\/blog\/#website\",\"url\":\"https:\/\/bulidomics.com\/blog\/\",\"name\":\"El blog de Bulidomics\",\"description\":\"Reflexiones sobre gesti\\u00f3n, Psicolog\\u00eda social aplicada, marketing (del \\u00e9tico &#x1f605;), econom\\u00eda y un mundo sostenible.\",\"potentialAction\":[{\"@type\":\"SearchAction\",\"target\":\"https:\/\/bulidomics.com\/blog\/?s={search_term_string}\",\"query-input\":\"required name=search_term_string\"}],\"inLanguage\":\"es\"},{\"@type\":\"WebPage\",\"@id\":\"https:\/\/bulidomics.com\/blog\/acerca-de-bulidomics-aviso-legal-y-politica-de-proteccion-de-datos\/#webpage\",\"url\":\"https:\/\/bulidomics.com\/blog\/acerca-de-bulidomics-aviso-legal-y-politica-de-proteccion-de-datos\/\",\"name\":\"Acerca de Bulidomics, aviso legal y pol\\u00edtica de protecci\\u00f3n de datos - El blog de Bulidomics\",\"isPartOf\":{\"@id\":\"https:\/\/bulidomics.com\/blog\/#website\"},\"datePublished\":\"2013-09-19T14:44:11+00:00\",\"dateModified\":\"2020-11-13T18:33:32+00:00\",\"inLanguage\":\"es\",\"potentialAction\":[{\"@type\":\"ReadAction\",\"target\":[\"https:\/\/bulidomics.com\/blog\/acerca-de-bulidomics-aviso-legal-y-politica-de-proteccion-de-datos\/\"]}]}]}<\/script>\n<!-- \/ Yoast SEO plugin. -->","amp_validity":null,"amp_enabled":false,"_links":{"self":[{"href":"https:\/\/bulidomics.com\/blog\/wp-json\/wp\/v2\/pages\/39"}],"collection":[{"href":"https:\/\/bulidomics.com\/blog\/wp-json\/wp\/v2\/pages"}],"about":[{"href":"https:\/\/bulidomics.com\/blog\/wp-json\/wp\/v2\/types\/page"}],"author":[{"embeddable":true,"href":"https:\/\/bulidomics.com\/blog\/wp-json\/wp\/v2\/users\/1"}],"replies":[{"embeddable":true,"href":"https:\/\/bulidomics.com\/blog\/wp-json\/wp\/v2\/comments?post=39"}],"version-history":[{"count":6,"href":"https:\/\/bulidomics.com\/blog\/wp-json\/wp\/v2\/pages\/39\/revisions"}],"predecessor-version":[{"id":354,"href":"https:\/\/bulidomics.com\/blog\/wp-json\/wp\/v2\/pages\/39\/revisions\/354"}],"wp:attachment":[{"href":"https:\/\/bulidomics.com\/blog\/wp-json\/wp\/v2\/media?parent=39"}],"curies":[{"name":"wp","href":"https:\/\/api.w.org\/{rel}","templated":true}]}}